{"id":1394,"date":"2016-09-12T16:55:39","date_gmt":"2016-09-12T20:55:39","guid":{"rendered":"https:\/\/patriceliautaud.com\/sample-page-2\/"},"modified":"2022-09-19T16:03:25","modified_gmt":"2022-09-19T20:03:25","slug":"sample-page-2","status":"publish","type":"page","link":"https:\/\/patriceliautaud.com\/fr\/","title":{"rendered":"Welcome"},"content":{"rendered":"<div class=\"widget blue full\" id=\"show-contact-info\" data-index=\"0\">\n        <div class=\"agent-info\">\n            <p class=\"name\">Patrice Liautaud, Mortgage broker<\/p>\n            <p class=\"title\">Courtier hypoth\u00e9caire<\/p>\n            <p>\n                                    <span  class=\"contact-detail\"><b>Courriel: <\/b><a href=\"mailto:patrice@excelia.ca\">patrice@excelia.ca<\/a><\/span><\/br>\n                                                    <span class=\"contact-detail\"><b>T\u00e9l\u00e9phone: <\/b><a href=\"tel:514-915-1875\">514-915-1875<\/a><\/span><br\/>\n                                                    <span class=\"contact-detail\"><b>Mobile: <\/b><a href=\"tel:514-915-1875\">514-915-1875<\/a><\/span><br\/>\n                                                            <\/p>\n        <\/div>\n\n        \n\n\n\n\n\n\n        <\/div><div class=\"widget blue full\" id=\"request-call\" data-index=\"1\"><div class=\"column\">\n    <h2>Demande de Rappel<\/h2>\n    <h3>Remplissez le questionnaire ci-dessous et un courtier vous <b>appellera selon vos disponibilites.<\/b><\/h3>\n\n    <div class='gf_browser_gecko gform_wrapper' id='gform_wrapper_7155' >\n        <form method='post' enctype='multipart\/form-data' id='gform_7155' action='' data-ajax=\"true\">\n            \n            <input name=\"id_number\" class=\"id_number\" value=\"7155\" type=\"hidden\">\n            \n            <div style=\"display:none\" class=\"validation_error\">There was a problem with your submission. Errors have been highlighted below.<\/div>\n\t\t\t\t    \n            <div class='gform_body'>\n                <ul id='gform_fields_7155' class='gform_fields top_label form_sublabel_below description_below'>\n                    <li id='field_7155_name' class='gfield field_sublabel_below field_description_below'>\n                        <div class='ginput_container'>\n                            <input name='name' id='name_7155' type='text' class='large'  tabindex='1'  placeholder='Pr\u00e9nom' \/>\n                        <\/div>\n                        <div style=\"display:none\" class=\"gfield_description validation_message\"><\/div>\n                    <\/li>\n                    <li id='field_7155_phone' class='gfield field_sublabel_below field_description_below' >\n                        <div class='ginput_container'>\n                            <input name='phone' id='phone_7155' type='text' class='large' tabindex='2'  placeholder='T\u00e9l\u00e9phone' \/>\n                        <\/div>\n                        <div style=\"display:none\" class=\"gfield_description validation_message\"><\/div>\n                    <\/li>\n                    <li id='field_7155_day' class='gfield field_sublabel_below field_description_below' >\n                        <div class='ginput_container'>\n                            <select name='day' id='day_7155'  class='large gfield_select' tabindex='3' >\n                                <option value='' class='gf_placeholder'>Meilleur jour pour l'appel<\/option>\n                                <option value='Saturday'>samedi<\/option>\n                                <option value='Sunday'>dimanche<\/option>\n                                <option value='Monday'>lundi<\/option>\n                                <option value='Tuesday'>mardi<\/option>\n                                <option value='Wednesday'>mercredi<\/option>\n                                <option value='Thursday'>jeudi<\/option>\n                                <option value='Friday'>vendredi<\/option>\n                            <\/select>\n                        <\/div>\n                        <div style=\"display:none\" class=\"gfield_description validation_message\"><\/div>\n                    <\/li>\n                    <li id='field_7155_time' class='gfield field_sublabel_below field_description_below' >\n                        <div class='ginput_container'>\n                            <input name='time' id='time_7155' type='text' class='large'  tabindex='4'  placeholder='Meilleure heure pour l\u2019appel' \/>\n                        <\/div>\n                        <div style=\"display:none\" class=\"gfield_description validation_message\"><\/div>\n                    <\/li>\n                    <li id='field_7155_g-recaptcha-response' class='gfield field_sublabel_below field_description_below'>\n\t\t\t\t\t\t<div class='ginput_container'>\n\t\t\t\t\t\t\t<div class=\"g-recaptcha\" id=\"widget-1-0-0\" style=\"transform:scale(0.6);-webkit-transform:scale(0.6);transform-origin:0 0;-webkit-transform-origin:0 0;\"><\/div>\n\t\t\t\t\t\t<\/div>\n\t\t\t\t\t\t<div style=\"display:none\" class=\"gfield_description validation_message\"><\/div>\n\t\t\t\t\t<\/li>\n                <\/ul>\n            <\/div>\n\n            <div class='gform_footer top_label'>\n                <input type='submit' id='gform_submit_button_7155' class='gform_button button requestacall_submit' value='Rappellez-moi' tabindex='5'>\n            <\/div>\n\t\t\t<div class='loading'><\/div>\n        <\/form>\n    <\/div>\n\t\n\t<div style=\"display:none\" id=\"requestacall_7155_confirmation_message\" class=\"gforms_confirmation_message\">\n\t\t<div class=\"gform_confirmation_wrapper\">\n\t\t\t<div class=\"gform_confirmation_message\">\n\t\t\t\t<p>Merci d\u00e2\u0080\u0099avoir communiqu\u00c3\u00a9 avec nous! Nous communiquerons avec vous sous peu.<\/p>\n\t\t\t<\/div>\n\t\t<\/div>\n\t<\/div>\n\t\n<\/div>\n\n\n\n\n<\/div><div class=\"widget blue full\" id=\"current-rates\" data-index=\"2\">        <div class=\"dlc-rates\">\n           \n            <h2>TAUX ACTUELS<\/h2>\n            \n            <div class=\"rates-block\">\n                <p class=\"block-head\">LE TAUX HYPOTH\u00c9CAIRE VARIABLE ACTUEL EST DE<\/p>\n                <p class=\"block-rate\">3.65%<\/p>\n            <\/div>\n            \n            <div class=\"rates-block\">\n                <p class=\"block-head\">LE TAUX PR\u00c9F\u00c9RENTIEL ACTUEL EST DE<\/p>\n                <p class=\"block-rate\">4.45%<\/p>\n            <\/div>\n\n            <ul class=\"dlc-rate-table\">\n                <li class=\"rate-head\">\n                    <ul>\n                        <li>DUR\u00c9E<\/li>\n                        <li>TAUX BANCAIRES<\/li>\n                         <li>PAIEMENT PAR 100 000 $<\/li>\n                        <li>NOS TAUX<\/li>\n                        <li>PAIEMENT PAR 100 000 $<\/li>\n                        <li>\u00c9CONOMIES<\/li>\n                    <\/ul>\n                <\/li>\n                                    <li>\n                        <ul>\n                            <li>6 Mois<\/li>\n                            <li>%<\/li>\n                            <li>$0.00<\/li>\n                            <li>%<\/li>\n                            <li>$0.00<\/li>\n                            <li>$0.00<\/li>\n                        <\/ul>\n                    <\/li>\n                                    <li>\n                        <ul>\n                            <li>1 Ann\u00e9e<\/li>\n                            <li>7.29%<\/li>\n                            <li>$718.41<\/li>\n                            <li>4.89%<\/li>\n                            <li>$575.36<\/li>\n                            <li>$143.05<\/li>\n                        <\/ul>\n                    <\/li>\n                                    <li>\n                        <ul>\n                            <li>2 Ans<\/li>\n                            <li>6.89%<\/li>\n                            <li>$693.64<\/li>\n                            <li>4.44%<\/li>\n                            <li>$550.14<\/li>\n                            <li>$143.50<\/li>\n                        <\/ul>\n                    <\/li>\n                                    <li>\n                        <ul>\n                            <li>3 Ans<\/li>\n                            <li>6.54%<\/li>\n                            <li>$672.25<\/li>\n                            <li>4.04%<\/li>\n                            <li>$528.19<\/li>\n                            <li>$144.06<\/li>\n                        <\/ul>\n                    <\/li>\n                                    <li>\n                        <ul>\n                            <li>4 Ans<\/li>\n                            <li>6.34%<\/li>\n                            <li>$660.15<\/li>\n                            <li>4.04%<\/li>\n                            <li>$528.19<\/li>\n                            <li>$131.96<\/li>\n                        <\/ul>\n                    <\/li>\n                                    <li>\n                        <ul>\n                            <li>5 Ans<\/li>\n                            <li>6.49%<\/li>\n                            <li>$669.22<\/li>\n                            <li>4.04%<\/li>\n                            <li>$528.19<\/li>\n                            <li>$141.03<\/li>\n                        <\/ul>\n                    <\/li>\n                                    <li>\n                        <ul>\n                            <li>7 Ans<\/li>\n                            <li>6.70%<\/li>\n                            <li>$681.99<\/li>\n                            <li>4.39%<\/li>\n                            <li>$547.37<\/li>\n                            <li>$134.62<\/li>\n                        <\/ul>\n                    <\/li>\n                                    <li>\n                        <ul>\n                            <li> 10 Ans<\/li>\n                            <li>7.19%<\/li>\n                            <li>$712.19<\/li>\n                            <li>5.14%<\/li>\n                            <li>$589.60<\/li>\n                            <li>$122.59<\/li>\n                        <\/ul>\n                    <\/li>\n                            <\/ul>\n\n            <div class=\"rates-disclaimer\">\n                <sub>Certaines conditions peuvent s'appliquer. Les taux peuvent changer sans pr\u00e9avis. *Sur approbation de cr\u00e9dit. Sauf erreur ou omission.<\/sub>\n            <\/div>\n        <\/div>\n        <\/div><div class=\"widget blue full\" id=\"lenders\" data-index=\"3\">        <div id=\"lenders\" class=\"widget full\">\n            <h2>Lenders<\/h2>\n            <div id=\"custom-sliders\" class=\"owl-carousel lenders\">\n                                                            <div class=\"item\">\n                            <div class=\"lenders-image\"\n                                 style=\"background-image: url(https:\/\/admin.wps.dlcserver.com\/wp-content\/uploads\/2021\/03\/mcap.jpg ) !important;\"><\/div>\n                        <\/div>\n                                            <div class=\"item\">\n                            <div class=\"lenders-image\"\n                                 style=\"background-image: url(https:\/\/admin.wps.dlcserver.com\/wp-content\/uploads\/2021\/03\/home-trust.jpg ) !important;\"><\/div>\n                        <\/div>\n                                            <div class=\"item\">\n                            <div class=\"lenders-image\"\n                                 style=\"background-image: url(https:\/\/admin.wps.dlcserver.com\/wp-content\/uploads\/2021\/03\/scotia-bank-fr-logo.jpg ) !important;\"><\/div>\n                        <\/div>\n                                            <div class=\"item\">\n                            <div class=\"lenders-image\"\n                                 style=\"background-image: url(https:\/\/admin.wps.dlcserver.com\/wp-content\/uploads\/2021\/03\/first-national-fr-logo.jpg ) !important;\"><\/div>\n                        <\/div>\n                                            <div class=\"item\">\n                            <div class=\"lenders-image\"\n                                 style=\"background-image: url(https:\/\/admin.wps.dlcserver.com\/wp-content\/uploads\/2021\/03\/dlc-fr-logo.jpg ) !important;\"><\/div>\n                        <\/div>\n                                            <div class=\"item\">\n                            <div class=\"lenders-image\"\n                                 style=\"background-image: url(https:\/\/admin.wps.dlcserver.com\/wp-content\/uploads\/2021\/03\/b2b-bank-fr-logo.jpg ) !important;\"><\/div>\n                        <\/div>\n                                                                                <div class=\"item\">\n                            <div class=\"lenders-image\"\n                                 style=\"background-image: url(https:\/\/admin.wps.dlcserver.com\/wp-content\/uploads\/2021\/03\/lendwise-logo.jpg ) !important;\"><\/div>\n                        <\/div>\n                                            <div class=\"item\">\n                            <div class=\"lenders-image\"\n                                 style=\"background-image: url(https:\/\/admin.wps.dlcserver.com\/wp-content\/uploads\/2021\/03\/td-logo.jpg ) !important;\"><\/div>\n                        <\/div>\n                                            <div class=\"item\">\n                            <div class=\"lenders-image\"\n                                 style=\"background-image: url(https:\/\/admin.wps.dlcserver.com\/wp-content\/uploads\/2021\/03\/merix-logo.jpg ) !important;\"><\/div>\n                        <\/div>\n                                            <div class=\"item\">\n                            <div class=\"lenders-image\"\n                                 style=\"background-image: url(https:\/\/admin.wps.dlcserver.com\/wp-content\/uploads\/2021\/03\/insureline.jpg ) !important;\"><\/div>\n                        <\/div>\n                                            <div class=\"item\">\n                            <div class=\"lenders-image\"\n                                 style=\"background-image: url(https:\/\/admin.wps.dlcserver.com\/wp-content\/uploads\/2021\/03\/fct-logo.jpg ) !important;\"><\/div>\n                        <\/div>\n                                            <div class=\"item\">\n                            <div class=\"lenders-image\"\n                                 style=\"background-image: url(https:\/\/admin.wps.dlcserver.com\/wp-content\/uploads\/2021\/03\/bhe-fr-logo.jpg ) !important;\"><\/div>\n                        <\/div>\n                                            <div class=\"item\">\n                            <div class=\"lenders-image\"\n                                 style=\"background-image: url(https:\/\/admin.wps.dlcserver.com\/wp-content\/uploads\/2021\/03\/banque-equitable.jpg ) !important;\"><\/div>\n                        <\/div>\n                                            <div class=\"item\">\n                            <div class=\"lenders-image\"\n                                 style=\"background-image: url(https:\/\/admin.wps.dlcserver.com\/wp-content\/uploads\/2021\/03\/manulife-fr-logo.jpg ) !important;\"><\/div>\n                        <\/div>\n                                            <div class=\"item\">\n                            <div class=\"lenders-image\"\n                                 style=\"background-image: url(https:\/\/admin.wps.dlcserver.com\/wp-content\/uploads\/2023\/07\/wealthone-logo.jpg ) !important;\"><\/div>\n                        <\/div>\n                                                                                <div class=\"item\">\n                            <div class=\"lenders-image\"\n                                 style=\"background-image: url(https:\/\/admin.wps.dlcserver.com\/wp-content\/uploads\/2021\/03\/mpc-fr-logo.jpg ) !important;\"><\/div>\n                        <\/div>\n                                                                                                                                                            <\/div>\n        <\/div>\n        <\/div>","protected":false},"excerpt":{"rendered":"<p>Patrice Liautaud, Mortgage broker Courtier hypoth\u00e9caire Courriel: patrice@excelia.ca T\u00e9l\u00e9phone: 514-915-1875 Mobile: 514-915-1875 Demande de Rappel Remplissez le questionnaire ci-dessous et un courtier vous appellera selon vos disponibilites. There was a problem with your submission. Errors have been highlighted below. Meilleur jour pour l&rsquo;appel samedi dimanche lundi mardi mercredi jeudi vendredi Merci d\u00e2\u0080\u0099avoir communiqu\u00c3\u00a9 avec nous! [&hellip;]<\/p>\n","protected":false},"author":1,"featured_media":0,"parent":0,"menu_order":0,"comment_status":"closed","ping_status":"open","template":"page-templates\/homepage.php","meta":[],"yoast_head":"<!-- This site is optimized with the Yoast SEO plugin v17.1 - https:\/\/yoast.com\/wordpress\/plugins\/seo\/ -->\n<meta name=\"robots\" content=\"index, follow, max-snippet:-1, max-image-preview:large, max-video-preview:-1\" \/>\n<link rel=\"canonical\" href=\"https:\/\/patriceliautaud.com\/fr\/\" \/>\n<meta property=\"og:locale\" content=\"fr_FR\" \/>\n<meta property=\"og:type\" content=\"article\" \/>\n<meta property=\"og:title\" content=\"Welcome - Centres Hypoth\u00e9caires Dominion\" \/>\n<meta property=\"og:description\" content=\"Patrice Liautaud, Mortgage broker Courtier hypoth\u00e9caire Courriel: patrice@excelia.ca T\u00e9l\u00e9phone: 514-915-1875 Mobile: 514-915-1875 Demande de Rappel Remplissez le questionnaire ci-dessous et un courtier vous appellera selon vos disponibilites. There was a problem with your submission. Errors have been highlighted below. Meilleur jour pour l&#039;appel samedi dimanche lundi mardi mercredi jeudi vendredi Merci d\u00e2\u0080\u0099avoir communiqu\u00c3\u00a9 avec nous! [&hellip;]\" \/>\n<meta property=\"og:url\" content=\"https:\/\/patriceliautaud.com\/fr\/\" \/>\n<meta property=\"og:site_name\" content=\"Centres Hypoth\u00e9caires Dominion\" \/>\n<meta property=\"article:modified_time\" content=\"2022-09-19T20:03:25+00:00\" \/>\n<meta name=\"twitter:card\" content=\"summary\" \/>\n<meta name=\"twitter:label1\" content=\"Dur\u00e9e de lecture est.\" \/>\n\t<meta name=\"twitter:data1\" content=\"1 minute\" \/>\n<script type=\"application\/ld+json\" class=\"yoast-schema-graph\">{\"@context\":\"https:\/\/schema.org\",\"@graph\":[{\"@type\":\"WebSite\",\"@id\":\"https:\/\/patriceliautaud.com\/#website\",\"url\":\"https:\/\/patriceliautaud.com\/\",\"name\":\"Dominion Lending Centres\",\"description\":\"Just another WordPress site\",\"potentialAction\":[{\"@type\":\"SearchAction\",\"target\":{\"@type\":\"EntryPoint\",\"urlTemplate\":\"https:\/\/patriceliautaud.com\/?s={search_term_string}\"},\"query-input\":\"required name=search_term_string\"}],\"inLanguage\":\"fr-FR\"},{\"@type\":\"WebPage\",\"@id\":\"https:\/\/patriceliautaud.com\/fr\/#webpage\",\"url\":\"https:\/\/patriceliautaud.com\/fr\/\",\"name\":\"Welcome - Centres Hypoth\\u00e9caires Dominion\",\"isPartOf\":{\"@id\":\"https:\/\/patriceliautaud.com\/#website\"},\"datePublished\":\"2016-09-12T20:55:39+00:00\",\"dateModified\":\"2022-09-19T20:03:25+00:00\",\"breadcrumb\":{\"@id\":\"https:\/\/patriceliautaud.com\/fr\/#breadcrumb\"},\"inLanguage\":\"fr-FR\",\"potentialAction\":[{\"@type\":\"ReadAction\",\"target\":[\"https:\/\/patriceliautaud.com\/fr\/\"]}]},{\"@type\":\"BreadcrumbList\",\"@id\":\"https:\/\/patriceliautaud.com\/fr\/#breadcrumb\",\"itemListElement\":[{\"@type\":\"ListItem\",\"position\":1,\"name\":\"Home\",\"item\":\"https:\/\/patriceliautaud.com\/fr\/\"},{\"@type\":\"ListItem\",\"position\":2,\"name\":\"Welcome\"}]}]}<\/script>\n<!-- \/ Yoast SEO plugin. -->","yoast_head_json":{"robots":{"index":"index","follow":"follow","max-snippet":"max-snippet:-1","max-image-preview":"max-image-preview:large","max-video-preview":"max-video-preview:-1"},"canonical":"https:\/\/patriceliautaud.com\/fr\/","og_locale":"fr_FR","og_type":"article","og_title":"Welcome - Centres Hypoth\u00e9caires Dominion","og_description":"Patrice Liautaud, Mortgage broker Courtier hypoth\u00e9caire Courriel: patrice@excelia.ca T\u00e9l\u00e9phone: 514-915-1875 Mobile: 514-915-1875 Demande de Rappel Remplissez le questionnaire ci-dessous et un courtier vous appellera selon vos disponibilites. There was a problem with your submission. Errors have been highlighted below. Meilleur jour pour l'appel samedi dimanche lundi mardi mercredi jeudi vendredi Merci d\u00e2\u0080\u0099avoir communiqu\u00c3\u00a9 avec nous! [&hellip;]","og_url":"https:\/\/patriceliautaud.com\/fr\/","og_site_name":"Centres Hypoth\u00e9caires Dominion","article_modified_time":"2022-09-19T20:03:25+00:00","twitter_card":"summary","twitter_misc":{"Dur\u00e9e de lecture est.":"1 minute"},"schema":{"@context":"https:\/\/schema.org","@graph":[{"@type":"WebSite","@id":"https:\/\/patriceliautaud.com\/#website","url":"https:\/\/patriceliautaud.com\/","name":"Dominion Lending Centres","description":"Just another WordPress site","potentialAction":[{"@type":"SearchAction","target":{"@type":"EntryPoint","urlTemplate":"https:\/\/patriceliautaud.com\/?s={search_term_string}"},"query-input":"required name=search_term_string"}],"inLanguage":"fr-FR"},{"@type":"WebPage","@id":"https:\/\/patriceliautaud.com\/fr\/#webpage","url":"https:\/\/patriceliautaud.com\/fr\/","name":"Welcome - Centres Hypoth\u00e9caires Dominion","isPartOf":{"@id":"https:\/\/patriceliautaud.com\/#website"},"datePublished":"2016-09-12T20:55:39+00:00","dateModified":"2022-09-19T20:03:25+00:00","breadcrumb":{"@id":"https:\/\/patriceliautaud.com\/fr\/#breadcrumb"},"inLanguage":"fr-FR","potentialAction":[{"@type":"ReadAction","target":["https:\/\/patriceliautaud.com\/fr\/"]}]},{"@type":"BreadcrumbList","@id":"https:\/\/patriceliautaud.com\/fr\/#breadcrumb","itemListElement":[{"@type":"ListItem","position":1,"name":"Home","item":"https:\/\/patriceliautaud.com\/fr\/"},{"@type":"ListItem","position":2,"name":"Welcome"}]}]}},"_links":{"self":[{"href":"https:\/\/patriceliautaud.com\/fr\/wp-json\/wp\/v2\/pages\/1394"}],"collection":[{"href":"https:\/\/patriceliautaud.com\/fr\/wp-json\/wp\/v2\/pages"}],"about":[{"href":"https:\/\/patriceliautaud.com\/fr\/wp-json\/wp\/v2\/types\/page"}],"author":[{"embeddable":true,"href":"https:\/\/patriceliautaud.com\/fr\/wp-json\/wp\/v2\/users\/1"}],"replies":[{"embeddable":true,"href":"https:\/\/patriceliautaud.com\/fr\/wp-json\/wp\/v2\/comments?post=1394"}],"version-history":[{"count":8,"href":"https:\/\/patriceliautaud.com\/fr\/wp-json\/wp\/v2\/pages\/1394\/revisions"}],"predecessor-version":[{"id":1432,"href":"https:\/\/patriceliautaud.com\/fr\/wp-json\/wp\/v2\/pages\/1394\/revisions\/1432"}],"wp:attachment":[{"href":"https:\/\/patriceliautaud.com\/fr\/wp-json\/wp\/v2\/media?parent=1394"}],"curies":[{"name":"wp","href":"https:\/\/api.w.org\/{rel}","templated":true}]}}